{"id":117,"date":"2023-09-23T13:11:44","date_gmt":"2023-09-23T13:11:44","guid":{"rendered":"https:\/\/daytours.com\/billete-de-avion\/"},"modified":"2024-05-18T14:31:17","modified_gmt":"2024-05-18T14:31:17","slug":"billete-de-avion","status":"publish","type":"page","link":"https:\/\/daytours.com\/es\/billete-de-avion\/","title":{"rendered":"Billete De Avi\u00f3n"},"content":{"rendered":"\t\t<div data-elementor-type=\"wp-page\" data-elementor-id=\"117\" class=\"elementor elementor-117 elementor-120\" data-elementor-post-type=\"page\">\n\t\t\t\t\t\t<section class=\"elementor-section elementor-top-section elementor-element elementor-element-6091de82 elementor-section-boxed elementor-section-height-default elementor-section-height-default\" data-id=\"6091de82\" data-element_type=\"section\">\n\t\t\t\t\t\t<div class=\"elementor-container elementor-column-gap-default\">\n\t\t\t\t\t<div class=\"elementor-column elementor-col-100 elementor-top-column elementor-element elementor-element-24acadc\" data-id=\"24acadc\" data-element_type=\"column\">\n\t\t\t<div class=\"elementor-widget-wrap elementor-element-populated\">\n\t\t\t\t\t\t<div class=\"elementor-element elementor-element-3de6bc9f elementor-widget elementor-widget-heading\" data-id=\"3de6bc9f\" data-element_type=\"widget\" data-widget_type=\"heading.default\">\n\t\t\t\t<div class=\"elementor-widget-container\">\n\t\t\t<h2 class=\"elementor-heading-title elementor-size-default\">Serv\u0131c\u0131o De Boletos De Avi\u00f3n<\/h2>\t\t<\/div>\n\t\t\t\t<\/div>\n\t\t\t\t<div class=\"elementor-element elementor-element-c7a7d90 elementor-widget elementor-widget-text-editor\" data-id=\"c7a7d90\" data-element_type=\"widget\" data-widget_type=\"text-editor.default\">\n\t\t\t\t<div class=\"elementor-widget-container\">\n\t\t\t\t\t\t\t<p>Adem\u00e1s del conocimiento y la acumulaci\u00f3n dados por 10 a\u00f1os en el sector, nuestra compa\u00f1\u00eda, que es el l\u00edder en las regiones donde trabajamos como operador tur\u00edstico, brinda la misma atenci\u00f3n e importancia a sus demandas de boletos de avi\u00f3n. <\/p>\n<p>1. Reservas grupales <br \/>2. Solicitudes de ajuste <br \/>3. Demandas corporativas <br \/>4. Vuelos de bajo costo y ch\u00e1rter<br \/>5. Tarifas m\u00e1s apropiadas con acuerdos especiales hechos con aerol\u00edneas<\/p>\n<p>Nuestro objetivo principal es llevar la satisfacci\u00f3n y el compromiso del cliente con el nivel m\u00e1s alto al ofrecer nuevas tendencias de viaje con la responsabilidad de ser el l\u00edder del sector. <\/p>\n<p>Siempre brindamos apoyo y servicio para boletos de avi\u00f3n con descuento con nuestras aerol\u00edneas nacionales y otras aerol\u00edneas, que son nuestra aerol\u00ednea nacional en Turqu\u00eda y en el extranjero. <\/p>\n<p>Nos complacer\u00e1 responder que nos ha contactado para sus preguntas y demandas adicionales.<\/p>\n\t\t\t\t\t\t<\/div>\n\t\t\t\t<\/div>\n\t\t\t\t\t<\/div>\n\t\t<\/div>\n\t\t\t\t\t<\/div>\n\t\t<\/section>\n\t\t\t\t<section class=\"elementor-section elementor-top-section elementor-element elementor-element-30847f07 elementor-section-boxed elementor-section-height-default elementor-section-height-default\" data-id=\"30847f07\" data-element_type=\"section\">\n\t\t\t\t\t\t<div class=\"elementor-container elementor-column-gap-default\">\n\t\t\t\t\t<div class=\"elementor-column elementor-col-20 elementor-top-column elementor-element elementor-element-1f796f2b\" data-id=\"1f796f2b\" data-element_type=\"column\">\n\t\t\t<div class=\"elementor-widget-wrap elementor-element-populated\">\n\t\t\t\t\t\t<div class=\"elementor-element elementor-element-2355df1b elementor-widget elementor-widget-image\" data-id=\"2355df1b\" data-element_type=\"widget\" data-widget_type=\"image.default\">\n\t\t\t\t<div class=\"elementor-widget-container\">\n\t\t\t\t\t\t\t\t\t\t\t\t\t<img fetchpriority=\"high\" decoding=\"async\" width=\"300\" height=\"170\" src=\"https:\/\/daytours.com\/wp-content\/uploads\/2023\/09\/thy.jpg\" class=\"attachment-large size-large wp-image-536\" alt=\"\" \/>\t\t\t\t\t\t\t\t\t\t\t\t\t<\/div>\n\t\t\t\t<\/div>\n\t\t\t\t\t<\/div>\n\t\t<\/div>\n\t\t\t\t<div class=\"elementor-column elementor-col-20 elementor-top-column elementor-element elementor-element-7e477157\" data-id=\"7e477157\" data-element_type=\"column\">\n\t\t\t<div class=\"elementor-widget-wrap elementor-element-populated\">\n\t\t\t\t\t\t<div class=\"elementor-element elementor-element-700a144f elementor-widget elementor-widget-image\" data-id=\"700a144f\" data-element_type=\"widget\" data-widget_type=\"image.default\">\n\t\t\t\t<div class=\"elementor-widget-container\">\n\t\t\t\t\t\t\t\t\t\t\t\t\t<img decoding=\"async\" width=\"300\" height=\"170\" src=\"https:\/\/daytours.com\/wp-content\/uploads\/2023\/09\/corendon.jpg\" class=\"attachment-large size-large wp-image-540\" alt=\"\" \/>\t\t\t\t\t\t\t\t\t\t\t\t\t<\/div>\n\t\t\t\t<\/div>\n\t\t\t\t\t<\/div>\n\t\t<\/div>\n\t\t\t\t<div class=\"elementor-column elementor-col-20 elementor-top-column elementor-element elementor-element-448003fb\" data-id=\"448003fb\" data-element_type=\"column\">\n\t\t\t<div class=\"elementor-widget-wrap elementor-element-populated\">\n\t\t\t\t\t\t<div class=\"elementor-element elementor-element-5a953bd4 elementor-widget elementor-widget-image\" data-id=\"5a953bd4\" data-element_type=\"widget\" data-widget_type=\"image.default\">\n\t\t\t\t<div class=\"elementor-widget-container\">\n\t\t\t\t\t\t\t\t\t\t\t\t\t<img decoding=\"async\" width=\"300\" height=\"170\" src=\"https:\/\/daytours.com\/wp-content\/uploads\/2023\/09\/pegasus.jpg\" class=\"attachment-large size-large wp-image-542\" alt=\"\" \/>\t\t\t\t\t\t\t\t\t\t\t\t\t<\/div>\n\t\t\t\t<\/div>\n\t\t\t\t\t<\/div>\n\t\t<\/div>\n\t\t\t\t<div class=\"elementor-column elementor-col-20 elementor-top-column elementor-element elementor-element-5f7fc578\" data-id=\"5f7fc578\" data-element_type=\"column\">\n\t\t\t<div class=\"elementor-widget-wrap elementor-element-populated\">\n\t\t\t\t\t\t<div class=\"elementor-element elementor-element-5046594e elementor-widget elementor-widget-image\" data-id=\"5046594e\" data-element_type=\"widget\" data-widget_type=\"image.default\">\n\t\t\t\t<div class=\"elementor-widget-container\">\n\t\t\t\t\t\t\t\t\t\t\t\t\t<img loading=\"lazy\" decoding=\"async\" width=\"300\" height=\"170\" src=\"https:\/\/daytours.com\/wp-content\/uploads\/2023\/09\/anadolu.jpg\" class=\"attachment-large size-large wp-image-538\" alt=\"\" \/>\t\t\t\t\t\t\t\t\t\t\t\t\t<\/div>\n\t\t\t\t<\/div>\n\t\t\t\t\t<\/div>\n\t\t<\/div>\n\t\t\t\t<div class=\"elementor-column elementor-col-20 elementor-top-column elementor-element elementor-element-47e7c3b2\" data-id=\"47e7c3b2\" data-element_type=\"column\">\n\t\t\t<div class=\"elementor-widget-wrap elementor-element-populated\">\n\t\t\t\t\t\t<div class=\"elementor-element elementor-element-27aca002 elementor-widget elementor-widget-image\" data-id=\"27aca002\" data-element_type=\"widget\" data-widget_type=\"image.default\">\n\t\t\t\t<div class=\"elementor-widget-container\">\n\t\t\t\t\t\t\t\t\t\t\t\t\t<img loading=\"lazy\" decoding=\"async\" width=\"300\" height=\"170\" src=\"https:\/\/daytours.com\/wp-content\/uploads\/2023\/09\/sun.jpg\" class=\"attachment-large size-large wp-image-544\" alt=\"\" \/>\t\t\t\t\t\t\t\t\t\t\t\t\t<\/div>\n\t\t\t\t<\/div>\n\t\t\t\t\t<\/div>\n\t\t<\/div>\n\t\t\t\t\t<\/div>\n\t\t<\/section>\n\t\t\t\t<\/div>\n\t\t","protected":false},"excerpt":{"rendered":"<p>Serv\u0131c\u0131o De Boletos De Avi\u00f3n Adem\u00e1s del conocimiento y la acumulaci\u00f3n dados por 10 a\u00f1os en el sector, nuestra compa\u00f1\u00eda, que es el l\u00edder en las regiones donde trabajamos como operador tur\u00edstico, brinda la misma atenci\u00f3n e importancia a sus demandas de boletos de avi\u00f3n. 1. Reservas grupales 2. Solicitudes de ajuste 3. Demandas corporativas [&hellip;]<\/p>\n","protected":false},"author":1,"featured_media":0,"parent":0,"menu_order":0,"comment_status":"closed","ping_status":"closed","template":"elementor_header_footer","meta":{"inline_featured_image":false,"footnotes":""},"class_list":["post-117","page","type-page","status-publish","hentry"],"_links":{"self":[{"href":"https:\/\/daytours.com\/es\/wp-json\/wp\/v2\/pages\/117","targetHints":{"allow":["GET"]}}],"collection":[{"href":"https:\/\/daytours.com\/es\/wp-json\/wp\/v2\/pages"}],"about":[{"href":"https:\/\/daytours.com\/es\/wp-json\/wp\/v2\/types\/page"}],"author":[{"embeddable":true,"href":"https:\/\/daytours.com\/es\/wp-json\/wp\/v2\/users\/1"}],"replies":[{"embeddable":true,"href":"https:\/\/daytours.com\/es\/wp-json\/wp\/v2\/comments?post=117"}],"version-history":[{"count":0,"href":"https:\/\/daytours.com\/es\/wp-json\/wp\/v2\/pages\/117\/revisions"}],"wp:attachment":[{"href":"https:\/\/daytours.com\/es\/wp-json\/wp\/v2\/media?parent=117"}],"curies":[{"name":"wp","href":"https:\/\/api.w.org\/{rel}","templated":true}]}}